{"id":5780,"date":"2023-02-03T11:51:53","date_gmt":"2023-02-03T10:51:53","guid":{"rendered":"https:\/\/verticopenhagen.dk\/termes-et-conditions\/"},"modified":"2023-02-03T11:51:56","modified_gmt":"2023-02-03T10:51:56","slug":"termes-et-conditions","status":"publish","type":"page","link":"https:\/\/verticopenhagen.dk\/fr\/termes-et-conditions\/","title":{"rendered":"Termes et conditions"},"content":{"rendered":"<p>[et_pb_section fb_built=\u00a0\u00bb1&Prime; admin_label=\u00a0\u00bbsection\u00a0\u00bb module_id=\u00a0\u00bbconditions\u00a0\u00bb _builder_version=\u00a0\u00bb4.6.6&Prime;][et_pb_row admin_label=\u00a0\u00bbrang\u00e9e\u00a0\u00bb _builder_version=\u00a0\u00bb4.6.6&Prime; background_size=\u00a0\u00bbinitial\u00a0\u00bb background_position=\u00a0\u00bbtop_left\u00a0\u00bb background_repeat=\u00a0\u00bbrepeat\u00a0\u00bb][et_pb_column type=\u00a0\u00bb4_4&Prime; _builder_version=\u00a0\u00bb3.25&Prime; custom_padding=\u00a0\u00bb|||\u00a0\u00bb custom_padding__hover=\u00a0\u00bb|||\u00a0\u00bb][et_pb_text module_class=\u00a0\u00bbet_pb_animation_top et-animated et-waypoint\u00a0\u00bb _builder_version=\u00a0\u00bb4.6.6&Prime; _module_preset=\u00a0\u00bbdefault\u00a0\u00bb text_orientation=\u00a0\u00bbcenter\u00a0\u00bb]<\/p>\n<h1>Termes et conditions<\/h1>\n<p>[\/et_pb_text][\/et_pb_column][\/et_pb_row][et_pb_row admin_label=\u00a0\u00bbrang\u00e9e\u00a0\u00bb _builder_version=\u00a0\u00bb4.6.6&Prime; background_size=\u00a0\u00bbinitial\u00a0\u00bb background_position=\u00a0\u00bbtop_left\u00a0\u00bb background_repeat=\u00a0\u00bbrepeat\u00a0\u00bb width=\u00a0\u00bb50%\u00a0\u00bb][et_pb_column type=\u00a0\u00bb4_4&Prime; _builder_version=\u00a0\u00bb3.25&Prime; custom_padding=\u00a0\u00bb|||\u00a0\u00bb custom_padding__hover=\u00a0\u00bb|||\u00a0\u00bb][et_pb_text module_class=\u00a0\u00bbet_pb_animation_top et-animated et-waypoint\u00a0\u00bb _builder_version=\u00a0\u00bb4.6.6&Prime; _module_preset=\u00a0\u00bbdefault\u00a0\u00bb]Ces conditions g\u00e9n\u00e9rales sont valables pour tout achat sur ce site web. Toutefois, les conditions g\u00e9n\u00e9rales sont sujettes \u00e0 des augmentations de prix, des modifications de taxes, des produits \u00e9puis\u00e9s, des erreurs de prix et des fautes de frappe. [\/et_pb_text][\/et_pb_column][\/et_pb_row][et_pb_row admin_label=\u00a0\u00bbrang\u00e9e\u00a0\u00bb _builder_version=\u00a0\u00bb4.6.6&Prime; background_size=\u00a0\u00bbinitial\u00a0\u00bb background_position=\u00a0\u00bbtop_left\u00a0\u00bb background_repeat=\u00a0\u00bbrepeat\u00a0\u00bb width=\u00a0\u00bb50%\u00a0\u00bb][et_pb_column type=\u00a0\u00bb4_4&Prime; _builder_version=\u00a0\u00bb3.25&Prime; custom_padding=\u00a0\u00bb|||\u00a0\u00bb custom_padding__hover=\u00a0\u00bb|||\u00a0\u00bb][et_pb_text module_class=\u00a0\u00bbet_pb_animation_top et-animated et-waypoint\u00a0\u00bb _builder_version=\u00a0\u00bb4.6.6&Prime; _module_preset=\u00a0\u00bbdefault\u00a0\u00bb]<\/p>\n<h4>Exp\u00e9dition et livraison<\/h4>\n<p>Livraison gratuite dans l&rsquo;UE pour les commandes sup\u00e9rieures \u00e0 100 \u20ac.<\/p>\n<p>Des frais d&rsquo;exp\u00e9dition de 29 DKK sont factur\u00e9s pour les envois au Danemark. Les frais d&rsquo;exp\u00e9dition pour les autres pays seront communiqu\u00e9s lors de la passation d&rsquo;une commande dans la boutique en ligne.<\/p>\n<p>Livraison gratuite \u00e0 partir de  <\/p>\n<p>La commande sera exp\u00e9di\u00e9e d\u00e8s que possible, mais au plus tard dans un d\u00e9lai de 1 \u00e0 2 jours ouvrables apr\u00e8s la confirmation de la commande (hors week-ends et jours f\u00e9ri\u00e9s). Si la livraison est retard\u00e9e contrairement \u00e0 ce qui \u00e9tait pr\u00e9vu, le client en sera inform\u00e9.<\/p>\n<p>Tous les produits Verti Copenhagen seront livr\u00e9s dans une belle bo\u00eete et pr\u00eats \u00e0 \u00eatre utilis\u00e9s.<\/p>\n<p>[\/et_pb_text][\/et_pb_column][\/et_pb_row][et_pb_row admin_label=\u00a0\u00bbrang\u00e9e\u00a0\u00bb _builder_version=\u00a0\u00bb4.6.6&Prime; background_size=\u00a0\u00bbinitial\u00a0\u00bb background_position=\u00a0\u00bbtop_left\u00a0\u00bb background_repeat=\u00a0\u00bbrepeat\u00a0\u00bb width=\u00a0\u00bb50%\u00a0\u00bb][et_pb_column type=\u00a0\u00bb4_4&Prime; _builder_version=\u00a0\u00bb3.25&Prime; custom_padding=\u00a0\u00bb|||\u00a0\u00bb custom_padding__hover=\u00a0\u00bb|||\u00a0\u00bb][et_pb_text module_class=\u00a0\u00bbet_pb_animation_top et-animated et-waypoint\u00a0\u00bb _builder_version=\u00a0\u00bb4.6.6&Prime; _module_preset=\u00a0\u00bbdefault\u00a0\u00bb]<\/p>\n<h4>Paiement<\/h4>\n<p>Nous acceptons VISA, MasterCard, American Express, Diners Club et JCB ainsi que PayPal.<\/p>\n<p>L&rsquo;argent sera retir\u00e9 au fur et \u00e0 mesure de l&rsquo;envoi des marchandises de notre stock.<span style=\"font-size: 12px;\"> <\/span><\/p>\n<p>Tous les prix sont en TTC. TVA.<\/p>\n<p>[\/et_pb_text][\/et_pb_column][\/et_pb_row][et_pb_row admin_label=\u00a0\u00bbrang\u00e9e\u00a0\u00bb _builder_version=\u00a0\u00bb4.6.6&Prime; background_size=\u00a0\u00bbinitial\u00a0\u00bb background_position=\u00a0\u00bbtop_left\u00a0\u00bb background_repeat=\u00a0\u00bbrepeat\u00a0\u00bb width=\u00a0\u00bb50%\u00a0\u00bb][et_pb_column type=\u00a0\u00bb4_4&Prime; _builder_version=\u00a0\u00bb3.25&Prime; custom_padding=\u00a0\u00bb|||\u00a0\u00bb custom_padding__hover=\u00a0\u00bb|||\u00a0\u00bb][et_pb_text module_class=\u00a0\u00bbet_pb_animation_top et-animated et-waypoint\u00a0\u00bb _builder_version=\u00a0\u00bb4.6.6&Prime; _module_preset=\u00a0\u00bbdefault\u00a0\u00bb]<\/p>\n<h4>Politique de retour<\/h4>\n<p>Le client a le droit de retourner un produit dans les 14 jours suivant sa r\u00e9ception, si le produit n&rsquo;est pas endommag\u00e9. Le produit doit \u00eatre retourn\u00e9 avec tous les accessoires tels que les vis, etc. et dans la m\u00eame bo\u00eete que celle dans laquelle il a \u00e9t\u00e9 livr\u00e9. En outre, le produit doit \u00eatre retourn\u00e9 en parfait \u00e9tat. Les frais de livraison sont \u00e0 la charge du client. Le produit doit \u00eatre renvoy\u00e9 avec PostNord \u00e0 l&rsquo;adresse suivante :<\/p>\n<p>Verti Copenhagen ApS<br \/>Lindenborgvej 7<br \/>2720 Vanl\u00f8se<br \/>Danemark<\/p>\n<p>Lorsque Verti Copenhagen re\u00e7oit le produit, celui-ci est v\u00e9rifi\u00e9 pour s&rsquo;assurer qu&rsquo;il n&rsquo;est pas endommag\u00e9 et qu&rsquo;il ne manque pas d&rsquo;accessoires, et s&rsquo;il est en parfait \u00e9tat, le montant pay\u00e9 pour le produit est revers\u00e9 au client.<\/p>\n<p>&nbsp;<\/p>\n<h4>Plainte<\/h4>\n<p>En cas de r\u00e9clamation, Verti Copenhagen sera responsable des frais de livraison. La r\u00e9clamation ne sera pas accept\u00e9e si la valeur du produit s&rsquo;est d\u00e9t\u00e9rior\u00e9e, ce qui est le cas si : Le client a effectivement commenc\u00e9 \u00e0 utiliser le produit ; si le produit est endommag\u00e9, alors que le client a \u00e9t\u00e9 responsable du produit ; si le client a mani\u00e9 le produit diff\u00e9remment de ce qui est appropri\u00e9 pour ce type de produit dans tous les cas ; si le client n&rsquo;a pas respect\u00e9 les restrictions du droit d&rsquo;annulation.<\/p>\n<p>La garantie est de 24 mois.<span style=\"font-size: 12px;\"> <\/span><\/p>\n<p>Les produits envoy\u00e9s en contre-remboursement ne seront pas accept\u00e9s.<\/p>\n<p>[\/et_pb_text][\/et_pb_column][\/et_pb_row][et_pb_row admin_label=\u00a0\u00bbrang\u00e9e\u00a0\u00bb _builder_version=\u00a0\u00bb4.6.6&Prime; background_size=\u00a0\u00bbinitial\u00a0\u00bb background_position=\u00a0\u00bbtop_left\u00a0\u00bb background_repeat=\u00a0\u00bbrepeat\u00a0\u00bb width=\u00a0\u00bb50%\u00a0\u00bb][et_pb_column type=\u00a0\u00bb4_4&Prime; _builder_version=\u00a0\u00bb3.25&Prime; custom_padding=\u00a0\u00bb|||\u00a0\u00bb custom_padding__hover=\u00a0\u00bb|||\u00a0\u00bb][et_pb_text module_class=\u00a0\u00bbet_pb_animation_top et-animated et-waypoint\u00a0\u00bb _builder_version=\u00a0\u00bb4.6.6&Prime; _module_preset=\u00a0\u00bbdefault\u00a0\u00bb]<\/p>\n<h4>Nous contacter<\/h4>\n<p>Verti Copenhagen ApS<br \/>  Lindenborgvej 7<br \/>  2720 Vanl\u00f8se<br \/>  Danmark<\/p>\n<p>CVR : 35 38 03 45<br \/>  T\u00e9l\u00e9phone : + 45 20 12 36 47<br \/>  Courrier : info@verticopenhagen.dk<br \/>  Web : www.verticopenhagen.com<\/p>\n<p>[\/et_pb_text][\/et_pb_column][\/et_pb_row][\/et_pb_section]<\/p>\n<span class=\"et_bloom_bottom_trigger\"><\/span>","protected":false},"excerpt":{"rendered":"<p>Termes et conditionsCes conditions g\u00e9n\u00e9rales sont valables pour tout achat sur ce site web. Toutefois, les conditions g\u00e9n\u00e9rales sont sujettes \u00e0 des augmentations de prix, des modifications de taxes, des produits \u00e9puis\u00e9s, des erreurs de prix et des fautes de frappe. Exp\u00e9dition et livraison Livraison gratuite dans l&rsquo;UE pour les commandes sup\u00e9rieures \u00e0 100 \u20ac. [&hellip;]<\/p>\n","protected":false},"author":1,"featured_media":0,"parent":0,"menu_order":0,"comment_status":"closed","ping_status":"closed","template":"","meta":{"_acf_changed":false,"_et_pb_use_builder":"on","_et_pb_old_content":"","_et_gb_content_width":"","footnotes":""},"class_list":["post-5780","page","type-page","status-publish","hentry"],"acf":[],"yoast_head":"<!-- This site is optimized with the Yoast SEO plugin v27.1.1 - https:\/\/yoast.com\/product\/yoast-seo-wordpress\/ -->\n<title>Termes et conditions &#8226; Verti Copenhagen<\/title>\n<meta name=\"description\" content=\"Veuillez consulter nos conditions g\u00e9n\u00e9rales dans la section sp\u00e9ciale.\" \/>\n<meta name=\"robots\" content=\"index, follow, max-snippet:-1, max-image-preview:large, max-video-preview:-1\" \/>\n<link rel=\"canonical\" href=\"https:\/\/verticopenhagen.dk\/fr\/termes-et-conditions\/\" \/>\n<meta property=\"og:locale\" content=\"fr_FR\" \/>\n<meta property=\"og:type\" content=\"article\" \/>\n<meta property=\"og:title\" content=\"Termes et conditions &#8226; Verti Copenhagen\" \/>\n<meta property=\"og:description\" content=\"Veuillez consulter nos conditions g\u00e9n\u00e9rales dans la section sp\u00e9ciale.\" \/>\n<meta property=\"og:url\" content=\"https:\/\/verticopenhagen.dk\/fr\/termes-et-conditions\/\" \/>\n<meta property=\"og:site_name\" content=\"Verti Copenhagen\" \/>\n<meta property=\"article:publisher\" content=\"https:\/\/www.facebook.com\/verticopenhagen\" \/>\n<meta property=\"article:modified_time\" content=\"2023-02-03T10:51:56+00:00\" \/>\n<meta property=\"og:image\" content=\"https:\/\/verticopenhagen.dk\/wp-content\/uploads\/2020\/11\/front.jpg\" \/>\n\t<meta property=\"og:image:width\" content=\"1698\" \/>\n\t<meta property=\"og:image:height\" content=\"1752\" \/>\n\t<meta property=\"og:image:type\" content=\"image\/jpeg\" \/>\n<meta name=\"twitter:card\" content=\"summary_large_image\" \/>\n<meta name=\"twitter:label1\" content=\"Dur\u00e9e de lecture estim\u00e9e\" \/>\n\t<meta name=\"twitter:data1\" content=\"4 minutes\" \/>\n<script type=\"application\/ld+json\" class=\"yoast-schema-graph\">{\"@context\":\"https:\/\/schema.org\",\"@graph\":[{\"@type\":\"WebPage\",\"@id\":\"https:\/\/verticopenhagen.dk\/fr\/termes-et-conditions\/\",\"url\":\"https:\/\/verticopenhagen.dk\/fr\/termes-et-conditions\/\",\"name\":\"Termes et conditions &#8226; Verti Copenhagen\",\"isPartOf\":{\"@id\":\"https:\/\/verticopenhagen.dk\/fr\/#website\"},\"datePublished\":\"2023-02-03T10:51:53+00:00\",\"dateModified\":\"2023-02-03T10:51:56+00:00\",\"description\":\"Veuillez consulter nos conditions g\u00e9n\u00e9rales dans la section sp\u00e9ciale.\",\"breadcrumb\":{\"@id\":\"https:\/\/verticopenhagen.dk\/fr\/termes-et-conditions\/#breadcrumb\"},\"inLanguage\":\"fr-FR\",\"potentialAction\":[{\"@type\":\"ReadAction\",\"target\":[\"https:\/\/verticopenhagen.dk\/fr\/termes-et-conditions\/\"]}]},{\"@type\":\"BreadcrumbList\",\"@id\":\"https:\/\/verticopenhagen.dk\/fr\/termes-et-conditions\/#breadcrumb\",\"itemListElement\":[{\"@type\":\"ListItem\",\"position\":1,\"name\":\"Home\",\"item\":\"https:\/\/verticopenhagen.dk\/fr\/\"},{\"@type\":\"ListItem\",\"position\":2,\"name\":\"Termes et conditions\"}]},{\"@type\":\"WebSite\",\"@id\":\"https:\/\/verticopenhagen.dk\/fr\/#website\",\"url\":\"https:\/\/verticopenhagen.dk\/fr\/\",\"name\":\"Verti Copenhagen\",\"description\":\"Sustainable Danish Design\",\"publisher\":{\"@id\":\"https:\/\/verticopenhagen.dk\/fr\/#organization\"},\"potentialAction\":[{\"@type\":\"SearchAction\",\"target\":{\"@type\":\"EntryPoint\",\"urlTemplate\":\"https:\/\/verticopenhagen.dk\/fr\/?s={search_term_string}\"},\"query-input\":{\"@type\":\"PropertyValueSpecification\",\"valueRequired\":true,\"valueName\":\"search_term_string\"}}],\"inLanguage\":\"fr-FR\"},{\"@type\":\"Organization\",\"@id\":\"https:\/\/verticopenhagen.dk\/fr\/#organization\",\"name\":\"Verti Copenhagen\",\"url\":\"https:\/\/verticopenhagen.dk\/fr\/\",\"logo\":{\"@type\":\"ImageObject\",\"inLanguage\":\"fr-FR\",\"@id\":\"https:\/\/verticopenhagen.dk\/fr\/#\/schema\/logo\/image\/\",\"url\":\"https:\/\/verticopenhagen.dk\/wp-content\/uploads\/2020\/12\/130048086_1920469054773070_732073817535899576_n.png\",\"contentUrl\":\"https:\/\/verticopenhagen.dk\/wp-content\/uploads\/2020\/12\/130048086_1920469054773070_732073817535899576_n.png\",\"width\":2000,\"height\":885,\"caption\":\"Verti Copenhagen\"},\"image\":{\"@id\":\"https:\/\/verticopenhagen.dk\/fr\/#\/schema\/logo\/image\/\"},\"sameAs\":[\"https:\/\/www.facebook.com\/verticopenhagen\",\"https:\/\/www.instagram.com\/verticopenhagen\/\",\"https:\/\/www.linkedin.com\/company\/verti-copenhagen\",\"https:\/\/www.pinterest.dk\/VertiCopenhagen\/\",\"https:\/\/www.youtube.com\/channel\/UCLkLbmh_puMwzNm-mgSAmSA\"]}]}<\/script>\n<!-- \/ Yoast SEO plugin. -->","yoast_head_json":{"title":"Termes et conditions &#8226; Verti Copenhagen","description":"Veuillez consulter nos conditions g\u00e9n\u00e9rales dans la section sp\u00e9ciale.","robots":{"index":"index","follow":"follow","max-snippet":"max-snippet:-1","max-image-preview":"max-image-preview:large","max-video-preview":"max-video-preview:-1"},"canonical":"https:\/\/verticopenhagen.dk\/fr\/termes-et-conditions\/","og_locale":"fr_FR","og_type":"article","og_title":"Termes et conditions &#8226; Verti Copenhagen","og_description":"Veuillez consulter nos conditions g\u00e9n\u00e9rales dans la section sp\u00e9ciale.","og_url":"https:\/\/verticopenhagen.dk\/fr\/termes-et-conditions\/","og_site_name":"Verti Copenhagen","article_publisher":"https:\/\/www.facebook.com\/verticopenhagen","article_modified_time":"2023-02-03T10:51:56+00:00","og_image":[{"width":1698,"height":1752,"url":"https:\/\/verticopenhagen.dk\/wp-content\/uploads\/2020\/11\/front.jpg","type":"image\/jpeg"}],"twitter_card":"summary_large_image","twitter_misc":{"Dur\u00e9e de lecture estim\u00e9e":"4 minutes"},"schema":{"@context":"https:\/\/schema.org","@graph":[{"@type":"WebPage","@id":"https:\/\/verticopenhagen.dk\/fr\/termes-et-conditions\/","url":"https:\/\/verticopenhagen.dk\/fr\/termes-et-conditions\/","name":"Termes et conditions &#8226; Verti Copenhagen","isPartOf":{"@id":"https:\/\/verticopenhagen.dk\/fr\/#website"},"datePublished":"2023-02-03T10:51:53+00:00","dateModified":"2023-02-03T10:51:56+00:00","description":"Veuillez consulter nos conditions g\u00e9n\u00e9rales dans la section sp\u00e9ciale.","breadcrumb":{"@id":"https:\/\/verticopenhagen.dk\/fr\/termes-et-conditions\/#breadcrumb"},"inLanguage":"fr-FR","potentialAction":[{"@type":"ReadAction","target":["https:\/\/verticopenhagen.dk\/fr\/termes-et-conditions\/"]}]},{"@type":"BreadcrumbList","@id":"https:\/\/verticopenhagen.dk\/fr\/termes-et-conditions\/#breadcrumb","itemListElement":[{"@type":"ListItem","position":1,"name":"Home","item":"https:\/\/verticopenhagen.dk\/fr\/"},{"@type":"ListItem","position":2,"name":"Termes et conditions"}]},{"@type":"WebSite","@id":"https:\/\/verticopenhagen.dk\/fr\/#website","url":"https:\/\/verticopenhagen.dk\/fr\/","name":"Verti Copenhagen","description":"Sustainable Danish Design","publisher":{"@id":"https:\/\/verticopenhagen.dk\/fr\/#organization"},"potentialAction":[{"@type":"SearchAction","target":{"@type":"EntryPoint","urlTemplate":"https:\/\/verticopenhagen.dk\/fr\/?s={search_term_string}"},"query-input":{"@type":"PropertyValueSpecification","valueRequired":true,"valueName":"search_term_string"}}],"inLanguage":"fr-FR"},{"@type":"Organization","@id":"https:\/\/verticopenhagen.dk\/fr\/#organization","name":"Verti Copenhagen","url":"https:\/\/verticopenhagen.dk\/fr\/","logo":{"@type":"ImageObject","inLanguage":"fr-FR","@id":"https:\/\/verticopenhagen.dk\/fr\/#\/schema\/logo\/image\/","url":"https:\/\/verticopenhagen.dk\/wp-content\/uploads\/2020\/12\/130048086_1920469054773070_732073817535899576_n.png","contentUrl":"https:\/\/verticopenhagen.dk\/wp-content\/uploads\/2020\/12\/130048086_1920469054773070_732073817535899576_n.png","width":2000,"height":885,"caption":"Verti Copenhagen"},"image":{"@id":"https:\/\/verticopenhagen.dk\/fr\/#\/schema\/logo\/image\/"},"sameAs":["https:\/\/www.facebook.com\/verticopenhagen","https:\/\/www.instagram.com\/verticopenhagen\/","https:\/\/www.linkedin.com\/company\/verti-copenhagen","https:\/\/www.pinterest.dk\/VertiCopenhagen\/","https:\/\/www.youtube.com\/channel\/UCLkLbmh_puMwzNm-mgSAmSA"]}]}},"_links":{"self":[{"href":"https:\/\/verticopenhagen.dk\/fr\/wp-json\/wp\/v2\/pages\/5780","targetHints":{"allow":["GET"]}}],"collection":[{"href":"https:\/\/verticopenhagen.dk\/fr\/wp-json\/wp\/v2\/pages"}],"about":[{"href":"https:\/\/verticopenhagen.dk\/fr\/wp-json\/wp\/v2\/types\/page"}],"author":[{"embeddable":true,"href":"https:\/\/verticopenhagen.dk\/fr\/wp-json\/wp\/v2\/users\/1"}],"replies":[{"embeddable":true,"href":"https:\/\/verticopenhagen.dk\/fr\/wp-json\/wp\/v2\/comments?post=5780"}],"version-history":[{"count":5,"href":"https:\/\/verticopenhagen.dk\/fr\/wp-json\/wp\/v2\/pages\/5780\/revisions"}],"predecessor-version":[{"id":5785,"href":"https:\/\/verticopenhagen.dk\/fr\/wp-json\/wp\/v2\/pages\/5780\/revisions\/5785"}],"wp:attachment":[{"href":"https:\/\/verticopenhagen.dk\/fr\/wp-json\/wp\/v2\/media?parent=5780"}],"curies":[{"name":"wp","href":"https:\/\/api.w.org\/{rel}","templated":true}]}}